{"id":80,"date":"2015-02-09T08:03:27","date_gmt":"2015-02-09T08:03:27","guid":{"rendered":"http:\/\/cms-stage.zuendflamme.at\/?page_id=80"},"modified":"2018-07-26T10:35:47","modified_gmt":"2018-07-26T10:35:47","slug":"impressum","status":"publish","type":"page","link":"https:\/\/zuendflamme.at\/?page_id=80","title":{"rendered":"Impressum"},"content":{"rendered":"<table style=\"height: 443px;\" width=\"867\" cellspacing=\"20\" cellpadding=\"20\">\n<tbody>\n<tr>\n<td style=\"width: 600px;\" rowspan=\"2\">\n<h2 style=\"text-align: left;\"><strong>Impressum<\/strong><\/h2>\n<h5 style=\"text-align: left;\"><strong>Wolfgang Maurer<\/strong><\/h5>\n<p style=\"text-align: left;\">Hauptstra\u00dfe 22a<br \/>\nA-3443 Kreuth<br \/>\nTel.: +43 664 \/ 2160266<br \/>\nFax.: 02274\/30184<\/p>\n<p style=\"text-align: left;\"><a href=\"mailto:office@zuendflamme.at\">office@zuendflamme.at<\/a><\/p>\n<p style=\"text-align: left;\">ATU 69250605<br \/>\nHG Tulln a.d. Donau<\/p>\n<p style=\"text-align: left;\"><strong>Bankverbindung:<\/strong><br \/>\nVolksbank Tullnerfeld eG<br \/>\nIBAN: AT94 4063 0211 3496 0000<br \/>\nBIC: TUVTAT21XXX<\/p>\n<p style=\"text-align: left;\"><a title=\"WKO\" href=\"https:\/\/firmen.wko.at\/Web\/DetailsInfos.aspx?FirmaID=401bc27a-45fc-4408-bda6-5f282a71ba06&amp;StandortID=0&amp;Suchbegriff=Wolfgang+maurer&amp;Page=2\" target=\"_blank\" rel=\"noopener noreferrer\"><img loading=\"lazy\" decoding=\"async\" class=\"alignnone wp-image-105 size-full\" src=\"http:\/\/zuendflamme.at\/wp-content\/uploads\/2015\/02\/WKOinfo.jpg\" alt=\"\" width=\"169\" height=\"23\" \/><\/a><\/p>\n<\/td>\n<td style=\"width: 600px; text-align: left;\">\n<h2><strong>Copyright<\/strong><\/h2>\n<p>Sofern nicht anders angegeben unterliegen Fotos, Grafiken und Texte auf diesen Seiten dem Copyright von Wolfgang Maurer.<\/td>\n<\/tr>\n<tr>\n<td style=\"background-color: #ffffff; text-align: left;\">\n<h2><strong>Haftungshinweis<\/strong><\/h2>\n<p>Trotz sorgf\u00e4ltiger inhaltlicher Kontrolle \u00fcbernehmen wir keine Haftung f\u00fcr die Inhalte externer Links. F\u00fcr den Inhalt der verlinkten Seiten sind ausschlie\u00dflich deren Betreiber verantwortlich.<\/td>\n<\/tr>\n<\/tbody>\n<\/table>\n<p>&nbsp;<\/p>\n<p>&nbsp;<\/p>\n<h3>Erkl\u00e4rung zur Informationspflicht (Datenschutzerkl\u00e4rung)<\/h3>\n<p>Der Schutz Ihrer pers\u00f6nlichen Daten ist uns ein besonderes Anliegen. Wir verarbeiten Ihre Daten daher ausschlie\u00dflich auf Grundlage der gesetzlichen Bestimmungen (DSGVO, TKG 2003). In diesen Datenschutzinformationen informieren wir Sie \u00fcber die wichtigsten Aspekte der Datenverarbeitung im Rahmen unserer Website.<\/p>\n<h3>Kontakt mit uns<\/h3>\n<p>Wenn Sie per E-Mail oder Telefon Kontakt mit uns aufnehmen, werden Ihre angegebenen Daten zwecks Bearbeitung der Anfrage und f\u00fcr den Fall von Anschlussfragen zw\u00f6lf Monate bei uns gespeichert. Diese Daten geben wir nicht ohne Ihre Einwilligung weiter.<\/p>\n<h3>Ihre Rechte<\/h3>\n<p>Ihnen stehen grunds\u00e4tzlich die Rechte auf Auskunft, Berichtigung, L\u00f6schung, Einschr\u00e4nkung, Daten\u00fcbertragbarkeit, Widerruf und Widerspruch zu. Wenn Sie glauben, dass die Verarbeitung Ihrer Daten gegen das Datenschutzrecht verst\u00f6\u00dft oder Ihre datenschutzrechtlichen Anspr\u00fcche sonst in einer Weise verletzt worden sind, k\u00f6nnen Sie sich bei der Aufsichtsbeh\u00f6rde beschweren. In \u00f6sterreich ist dies die Datenschutzbeh\u00f6rde.<\/p>\n","protected":false},"excerpt":{"rendered":"<p>Impressum Wolfgang Maurer Hauptstra\u00dfe 22a A-3443 Kreuth Tel.: +43 664 \/ 2160266 Fax.: 02274\/30184 office@zuendflamme.at ATU 69250605 HG Tulln a.d. Donau Bankverbindung: Volksbank Tullnerfeld eG IBAN: AT94 4063 0211 3496 0000 BIC: TUVTAT21XXX Copyright Sofern nicht anders angegeben unterliegen Fotos, Grafiken und Texte auf diesen Seiten dem Copyright von Wolfgang &#8230;<\/p>\n","protected":false},"author":1,"featured_media":0,"parent":0,"menu_order":0,"comment_status":"closed","ping_status":"open","template":"","meta":{"footnotes":""},"_links":{"self":[{"href":"https:\/\/zuendflamme.at\/index.php?rest_route=\/wp\/v2\/pages\/80"}],"collection":[{"href":"https:\/\/zuendflamme.at\/index.php?rest_route=\/wp\/v2\/pages"}],"about":[{"href":"https:\/\/zuendflamme.at\/index.php?rest_route=\/wp\/v2\/types\/page"}],"author":[{"embeddable":true,"href":"https:\/\/zuendflamme.at\/index.php?rest_route=\/wp\/v2\/users\/1"}],"replies":[{"embeddable":true,"href":"https:\/\/zuendflamme.at\/index.php?rest_route=%2Fwp%2Fv2%2Fcomments&post=80"}],"version-history":[{"count":23,"href":"https:\/\/zuendflamme.at\/index.php?rest_route=\/wp\/v2\/pages\/80\/revisions"}],"predecessor-version":[{"id":104,"href":"https:\/\/zuendflamme.at\/index.php?rest_route=\/wp\/v2\/pages\/80\/revisions\/104"}],"wp:attachment":[{"href":"https:\/\/zuendflamme.at\/index.php?rest_route=%2Fwp%2Fv2%2Fmedia&parent=80"}],"curies":[{"name":"wp","href":"https:\/\/api.w.org\/{rel}","templated":true}]}}