{"id":23,"date":"2015-02-08T17:11:30","date_gmt":"2015-02-08T17:11:30","guid":{"rendered":"http:\/\/cms-stage.zuendflamme.at\/?page_id=23"},"modified":"2015-06-12T08:20:25","modified_gmt":"2015-06-12T08:20:25","slug":"mainpage","status":"publish","type":"page","link":"https:\/\/zuendflamme.at\/","title":{"rendered":"Mainpage"},"content":{"rendered":"<table class=\" alignleft\" style=\"width: 1495px; height: 487px;\">\n<thead>\n<tr style=\"height: 40px;\">\n<td style=\"width: 460px; background-color: #ffffff; border-color: #ffffff; vertical-align: bottom; text-align: left;\">\n<h2><img loading=\"lazy\" decoding=\"async\" class=\"alignnone wp-image-217\" src=\"http:\/\/zuendflamme.at\/wp-content\/uploads\/2015\/02\/flamme_werkzeug_a.png\" alt=\"flamme_werkzeug_a\" width=\"96\" height=\"150\" srcset=\"https:\/\/zuendflamme.at\/wp-content\/uploads\/2015\/02\/flamme_werkzeug_a.png 319w, https:\/\/zuendflamme.at\/wp-content\/uploads\/2015\/02\/flamme_werkzeug_a-191x300.png 191w\" sizes=\"(max-width: 96px) 100vw, 96px\" \/>\u00a0 <strong>Leistungen<\/strong><\/h2>\n<\/td>\n<td style=\"width: 460px; background-color: #ffffff; border-color: #ffffff; vertical-align: bottom; text-align: left;\">\n<h2><strong><img loading=\"lazy\" decoding=\"async\" class=\"alignnone wp-image-219\" src=\"http:\/\/zuendflamme.at\/wp-content\/uploads\/2015\/02\/flamme_haken_b.png\" alt=\"flamme_haken_b\" width=\"96\" height=\"150\" srcset=\"https:\/\/zuendflamme.at\/wp-content\/uploads\/2015\/02\/flamme_haken_b.png 319w, https:\/\/zuendflamme.at\/wp-content\/uploads\/2015\/02\/flamme_haken_b-191x300.png 191w\" sizes=\"(max-width: 96px) 100vw, 96px\" \/>Referenzen<\/strong><\/h2>\n<\/td>\n<td style=\"width: 460px; background-color: #ffffff; vertical-align: middle; text-align: left;\">\n<h2><img loading=\"lazy\" decoding=\"async\" class=\"alignnone wp-image-216\" src=\"http:\/\/zuendflamme.at\/wp-content\/uploads\/2015\/02\/flamme_phone_a.png\" alt=\"flamme_phone_a\" width=\"96\" height=\"150\" srcset=\"https:\/\/zuendflamme.at\/wp-content\/uploads\/2015\/02\/flamme_phone_a.png 319w, https:\/\/zuendflamme.at\/wp-content\/uploads\/2015\/02\/flamme_phone_a-191x300.png 191w\" sizes=\"(max-width: 96px) 100vw, 96px\" \/><strong>Kontakt<\/strong><\/h2>\n<\/td>\n<\/tr>\n<\/thead>\n<tbody>\n<tr style=\"height: 25px;\">\n<td style=\"width: 460px; background-color: #ffffff; border-color: #ffffff; text-align: left;\"><\/td>\n<td style=\"border-color: #000000;\"><\/td>\n<td><\/td>\n<\/tr>\n<tr>\n<td style=\"background-color: #ffffff; text-align: left;\">\n<ul>\n<li>\n<h4>Wartungs -u. Reparaturarbeiten f\u00fcr<\/h4>\n<ul>\n<li>Gasger\u00e4te<\/li>\n<li>\u00d6lger\u00e4te<\/li>\n<li>Solar-Anlagen<\/li>\n<\/ul>\n<\/li>\n<\/ul>\n<ul>\n<li>\n<h4>St\u00f6rungsdienst<\/h4>\n<\/li>\n<\/ul>\n<ul>\n<li>\n<h4>Abgas-\/Anlagenbefund lt. N\u00d6-Bautechnikverordnung<\/h4>\n<\/li>\n<\/ul>\n<\/td>\n<td style=\"background-color: #ffffff; text-align: justify;\">\n<ul>\n<li>\u00dcber 10 Jahre Berufserfahrung auf \u00a0\u00a0\u00a0\u00a0\u00a0\u00a0\u00a0\u00a0\u00a0\u00a0\u00a0\u00a0\u00a0\u00a0\u00a0\u00a0\u00a0\u00a0\u00a0\u00a0\u00a0\u00a0\u00a0\u00a0\u00a0\u00a0\u00a0\u00a0\u00a0\u00a0\u00a0\u00a0\u00a0\u00a0\u00a0\u00a0\u00a0\u00a0\u00a0\u00a0\u00a0\u00a0\u00a0\u00a0\u00a0\u00a0\u00a0\u00a0 Heizungsanlagen (Gas, \u00d6l, Holz)<\/li>\n<\/ul>\n<ul>\n<li>Schulungen f\u00fcr diverse namhafte W\u00e4rmeerzeuger-Hersteller<\/li>\n<\/ul>\n<ul>\n<li>Staatlich gepr\u00fcft f\u00fcr Heizungsanlagen-Befundung<\/li>\n<\/ul>\n<p>&nbsp;<\/td>\n<td style=\"background-color: #ffffff; text-align: left;\">\n<h4>Wolfgang Maurer<\/h4>\n<p>Haupstra\u00dfe 22A<br \/>\nA-3443 Kreuth<br \/>\nTel.: +43 664 \/ 2160266<br \/>\nFax.: 02274\/30184<br \/>\nEmail: <a title=\"office@zuendflamme.at\" href=\"mailto:office@zuendflamme.at\">office@zuendflamme.at<\/a><\/td>\n<\/tr>\n<\/tbody>\n<\/table>\n<p>&nbsp;<\/p>\n","protected":false},"excerpt":{"rendered":"<p>\u00a0 Leistungen Referenzen Kontakt Wartungs -u. Reparaturarbeiten f\u00fcr Gasger\u00e4te \u00d6lger\u00e4te Solar-Anlagen St\u00f6rungsdienst Abgas-\/Anlagenbefund lt. N\u00d6-Bautechnikverordnung \u00dcber 10 Jahre Berufserfahrung auf \u00a0\u00a0\u00a0\u00a0\u00a0\u00a0\u00a0\u00a0\u00a0\u00a0\u00a0\u00a0\u00a0\u00a0\u00a0\u00a0\u00a0\u00a0\u00a0\u00a0\u00a0\u00a0\u00a0\u00a0\u00a0\u00a0\u00a0\u00a0\u00a0\u00a0\u00a0\u00a0\u00a0\u00a0\u00a0\u00a0\u00a0\u00a0\u00a0\u00a0\u00a0\u00a0\u00a0\u00a0\u00a0\u00a0\u00a0\u00a0 Heizungsanlagen (Gas, \u00d6l, Holz) Schulungen f\u00fcr diverse namhafte W\u00e4rmeerzeuger-Hersteller Staatlich gepr\u00fcft f\u00fcr Heizungsanlagen-Befundung &nbsp; Wolfgang Maurer Haupstra\u00dfe 22A A-3443 Kreuth Tel.: +43 664 \/ 2160266 Fax.: 02274\/30184 Email: office@zuendflamme.at &#8230;<\/p>\n","protected":false},"author":1,"featured_media":0,"parent":0,"menu_order":0,"comment_status":"closed","ping_status":"closed","template":"","meta":{"footnotes":""},"_links":{"self":[{"href":"https:\/\/zuendflamme.at\/index.php?rest_route=\/wp\/v2\/pages\/23"}],"collection":[{"href":"https:\/\/zuendflamme.at\/index.php?rest_route=\/wp\/v2\/pages"}],"about":[{"href":"https:\/\/zuendflamme.at\/index.php?rest_route=\/wp\/v2\/types\/page"}],"author":[{"embeddable":true,"href":"https:\/\/zuendflamme.at\/index.php?rest_route=\/wp\/v2\/users\/1"}],"replies":[{"embeddable":true,"href":"https:\/\/zuendflamme.at\/index.php?rest_route=%2Fwp%2Fv2%2Fcomments&post=23"}],"version-history":[{"count":100,"href":"https:\/\/zuendflamme.at\/index.php?rest_route=\/wp\/v2\/pages\/23\/revisions"}],"predecessor-version":[{"id":227,"href":"https:\/\/zuendflamme.at\/index.php?rest_route=\/wp\/v2\/pages\/23\/revisions\/227"}],"wp:attachment":[{"href":"https:\/\/zuendflamme.at\/index.php?rest_route=%2Fwp%2Fv2%2Fmedia&parent=23"}],"curies":[{"name":"wp","href":"https:\/\/api.w.org\/{rel}","templated":true}]}}